{"id":76,"date":"2023-06-14T15:25:49","date_gmt":"2023-06-14T13:25:49","guid":{"rendered":"https:\/\/presdemonarbre.com\/?page_id=76"},"modified":"2024-07-10T14:08:08","modified_gmt":"2024-07-10T12:08:08","slug":"les-gites","status":"publish","type":"page","link":"https:\/\/presdemonarbre.com\/index.php\/les-gites\/","title":{"rendered":"Les G\u00eetes"},"content":{"rendered":"<p>[et_pb_section fb_built=&#8221;1&#8243; admin_label=&#8221;About&#8221; _builder_version=&#8221;4.16&#8243; min_height=&#8221;1280.6px&#8221; custom_margin=&#8221;-305px|||||&#8221; custom_padding=&#8221;||0px|||&#8221; global_colors_info=&#8221;{}&#8221;][et_pb_row _builder_version=&#8221;4.21.0&#8243; _module_preset=&#8221;default&#8221; global_colors_info=&#8221;{}&#8221;][et_pb_column type=&#8221;4_4&#8243; _builder_version=&#8221;4.21.0&#8243; _module_preset=&#8221;default&#8221; global_colors_info=&#8221;{}&#8221;][et_pb_text _builder_version=&#8221;4.21.0&#8243; _module_preset=&#8221;default&#8221; text_font=&#8221;Aclonica||||||||&#8221; text_font_size=&#8221;58px&#8221; text_orientation=&#8221;center&#8221; custom_padding=&#8221;||0px|||&#8221; global_colors_info=&#8221;{}&#8221;]<\/p>\n<p>Les G\u00eetes<\/p>\n<p>[\/et_pb_text][\/et_pb_column][\/et_pb_row][et_pb_row _builder_version=&#8221;4.21.0&#8243; _module_preset=&#8221;default&#8221; global_colors_info=&#8221;{}&#8221;][et_pb_column type=&#8221;4_4&#8243; _builder_version=&#8221;4.21.0&#8243; _module_preset=&#8221;default&#8221; global_colors_info=&#8221;{}&#8221;][\/et_pb_column][\/et_pb_row][et_pb_row _builder_version=&#8221;4.21.0&#8243; _module_preset=&#8221;default&#8221; global_colors_info=&#8221;{}&#8221;][et_pb_column type=&#8221;4_4&#8243; _builder_version=&#8221;4.21.0&#8243; _module_preset=&#8221;default&#8221; global_colors_info=&#8221;{}&#8221;][et_pb_image src=&#8221;https:\/\/presdemonarbre.com\/wp-content\/uploads\/2023\/06\/P1050784-scaled.jpg&#8221; title_text=&#8221;P1050784&#8243; _builder_version=&#8221;4.21.0&#8243; _module_preset=&#8221;default&#8221; min_height=&#8221;100px&#8221; custom_padding=&#8221;||2px|||&#8221; global_colors_info=&#8221;{}&#8221;][\/et_pb_image][et_pb_text _builder_version=&#8221;4.21.0&#8243; _module_preset=&#8221;default&#8221; text_font=&#8221;Aclonica||||||||&#8221; text_font_size=&#8221;50px&#8221; text_orientation=&#8221;center&#8221; custom_padding=&#8221;||0px|||&#8221; global_colors_info=&#8221;{}&#8221;]<\/p>\n<p>Les G\u00eetes<\/p>\n<p>[\/et_pb_text][\/et_pb_column][\/et_pb_row][et_pb_row column_structure=&#8221;1_2,1_2&#8243; _builder_version=&#8221;4.21.0&#8243; _module_preset=&#8221;default&#8221; custom_margin=&#8221;4px|auto||auto||&#8221; global_colors_info=&#8221;{}&#8221;][et_pb_column type=&#8221;1_2&#8243; _builder_version=&#8221;4.21.0&#8243; _module_preset=&#8221;default&#8221; global_colors_info=&#8221;{}&#8221;][et_pb_image src=&#8221;https:\/\/presdemonarbre.com\/wp-content\/uploads\/2023\/07\/presdemonarbre.com-gites-rhone0041.png&#8221; title_text=&#8221;presdemonarbre.com-gites-rhone0041&#8243; _builder_version=&#8221;4.21.0&#8243; _module_preset=&#8221;default&#8221; width=&#8221;100%&#8221; animation_style=&#8221;fade&#8221; border_radii=&#8221;on|42px|42px|42px|42px&#8221; global_colors_info=&#8221;{}&#8221;][\/et_pb_image][et_pb_text _builder_version=&#8221;4.21.0&#8243; _module_preset=&#8221;default&#8221; text_font=&#8221;Aclonica||||||||&#8221; text_font_size=&#8221;45px&#8221; global_colors_info=&#8221;{}&#8221;]<\/p>\n<p>Le Chapit<\/p>\n<p>[\/et_pb_text][et_pb_text _builder_version=&#8221;4.21.0&#8243; _module_preset=&#8221;default&#8221; text_font=&#8221;Aclonica||||||||&#8221; text_font_size=&#8221;17px&#8221; global_colors_info=&#8221;{}&#8221;]<\/p>\n<p>Une cuisine \u00e9quip\u00e9e,<\/p>\n<p>une chambre avec un lit double,<\/p>\n<p>une chambre avec deux lits simples,<\/p>\n<p>une salle d&#8217;eau avec toilettes.<\/p>\n<p>Terrasse.<\/p>\n<p>[\/et_pb_text][\/et_pb_column][et_pb_column type=&#8221;1_2&#8243; _builder_version=&#8221;4.21.0&#8243; _module_preset=&#8221;default&#8221; global_colors_info=&#8221;{}&#8221;][et_pb_image src=&#8221;https:\/\/presdemonarbre.com\/wp-content\/uploads\/2023\/07\/presdemonarbre.com-gites-rhone0042.png&#8221; title_text=&#8221;presdemonarbre.com-gites-rhone0042&#8243; _builder_version=&#8221;4.21.0&#8243; _module_preset=&#8221;default&#8221; animation_style=&#8221;slide&#8221; border_radii=&#8221;on|45px|45px|45px|45px&#8221; global_colors_info=&#8221;{}&#8221;][\/et_pb_image][et_pb_text _builder_version=&#8221;4.21.0&#8243; _module_preset=&#8221;default&#8221; text_font=&#8221;Aclonica||||||||&#8221; text_font_size=&#8221;45px&#8221; global_colors_info=&#8221;{}&#8221;]<\/p>\n<p>La Grange<\/p>\n<p>[\/et_pb_text][et_pb_text _builder_version=&#8221;4.21.0&#8243; _module_preset=&#8221;default&#8221; text_font=&#8221;Aclonica||||||||&#8221; text_font_size=&#8221;17px&#8221; global_colors_info=&#8221;{}&#8221;]<\/p>\n<p>Une cuisine \u00e9quip\u00e9e,<\/p>\n<p>un grand salon-s\u00e9jour (canap\u00e9 convertible),<\/p>\n<p>une mezzanine avec quatre lits simples,<\/p>\n<p>une salle d&#8217;eau,<\/p>\n<p>des toilettes s\u00e9par\u00e9es.<\/p>\n<p>[\/et_pb_text][\/et_pb_column][\/et_pb_row][et_pb_row _builder_version=&#8221;4.21.0&#8243; _module_preset=&#8221;default&#8221; global_colors_info=&#8221;{}&#8221;][et_pb_column type=&#8221;4_4&#8243; _builder_version=&#8221;4.21.0&#8243; _module_preset=&#8221;default&#8221; global_colors_info=&#8221;{}&#8221;][et_pb_text _builder_version=&#8221;4.21.0&#8243; _module_preset=&#8221;default&#8221; text_font=&#8221;Aclonica||||||||&#8221; text_font_size=&#8221;35px&#8221; text_line_height=&#8221;1.8em&#8221; text_orientation=&#8221;center&#8221; custom_padding=&#8221;||17px|||&#8221; global_colors_info=&#8221;{}&#8221;]<\/p>\n<p>Les \u00e9quipements<\/p>\n<p>[\/et_pb_text][et_pb_text _builder_version=&#8221;4.21.0&#8243; _module_preset=&#8221;default&#8221; text_font=&#8221;Aclonica||||||||&#8221; text_font_size=&#8221;17px&#8221; text_orientation=&#8221;center&#8221; custom_padding=&#8221;||0px|||&#8221; global_colors_info=&#8221;{}&#8221;]<\/p>\n<p>Dans chacun des g\u00eetes, vous trouverez :<\/p>\n<p>r\u00e9frig\u00e9rateur,\u00a0 \u00a0 cong\u00e9lateur,<\/p>\n<p>lave-vaisselle,\u00a0 plaque de cuisson gaz,<\/p>\n<p>four \u00e9lectrique, four micro-ondes,cafeti\u00e8re, bouilloire, grille-pain,<\/p>\n<p>aspirateur,\u00a0 \u00a0lave-linge,\u00a0 \u00a0 \u00e9tendoir,<\/p>\n<p>s\u00e8che-cheveux.<\/p>\n<p>[\/et_pb_text][et_pb_text _builder_version=&#8221;4.21.0&#8243; _module_preset=&#8221;default&#8221; text_font=&#8221;Aclonica||||||||&#8221; text_font_size=&#8221;25px&#8221; transform_translate=&#8221;22px|34px&#8221; custom_margin=&#8221;-9px|||||&#8221; global_colors_info=&#8221;{}&#8221;]<\/p>\n<p>Le Chapit en images<\/p>\n<p>[\/et_pb_text][\/et_pb_column][\/et_pb_row][et_pb_row column_structure=&#8221;1_4,1_4,1_4,1_4&#8243; _builder_version=&#8221;4.21.0&#8243; background_enable_image=&#8221;off&#8221; min_height=&#8221;544px&#8221; custom_margin=&#8221;|auto|-296px|auto||&#8221; custom_padding=&#8221;||299px|2px||&#8221; global_colors_info=&#8221;{}&#8221;][et_pb_column type=&#8221;1_4&#8243; _builder_version=&#8221;4.21.0&#8243; background_image=&#8221;https:\/\/presdemonarbre.com\/wp-content\/uploads\/2023\/06\/presdemonarbre.com-gites-rhone0019.png&#8221; custom_padding=&#8221;|||&#8221; global_colors_info=&#8221;{}&#8221; custom_padding__hover=&#8221;|||&#8221;][et_pb_image src=&#8221;https:\/\/presdemonarbre.com\/wp-content\/uploads\/2023\/06\/presdemonarbre.com-gites-rhone0021.png&#8221; title_text=&#8221;presdemonarbre.com-gites-rhone0021&#8243; _builder_version=&#8221;4.21.0&#8243; _module_preset=&#8221;default&#8221; global_colors_info=&#8221;{}&#8221;][\/et_pb_image][\/et_pb_column][et_pb_column type=&#8221;1_4&#8243; _builder_version=&#8221;4.21.0&#8243; background_image=&#8221;https:\/\/presdemonarbre.com\/wp-content\/uploads\/2023\/06\/presdemonarbre.com-gites-rhone0019.png&#8221; custom_padding=&#8221;|||&#8221; global_colors_info=&#8221;{}&#8221; custom_padding__hover=&#8221;|||&#8221;][et_pb_image src=&#8221;https:\/\/presdemonarbre.com\/wp-content\/uploads\/2023\/06\/presdemonarbre.com-gites-rhone0018.png&#8221; title_text=&#8221;presdemonarbre.com-gites-rhone0018&#8243; _builder_version=&#8221;4.21.0&#8243; _module_preset=&#8221;default&#8221; custom_margin=&#8221;||-1px|||&#8221; global_colors_info=&#8221;{}&#8221;][\/et_pb_image][\/et_pb_column][et_pb_column type=&#8221;1_4&#8243; _builder_version=&#8221;4.21.0&#8243; background_image=&#8221;https:\/\/presdemonarbre.com\/wp-content\/uploads\/2023\/06\/presdemonarbre.com-gites-rhone0019.png&#8221; custom_padding=&#8221;|||&#8221; global_colors_info=&#8221;{}&#8221; custom_padding__hover=&#8221;|||&#8221;][et_pb_image src=&#8221;https:\/\/presdemonarbre.com\/wp-content\/uploads\/2023\/07\/presdemonarbre.com-gites-rhone0033.png&#8221; title_text=&#8221;presdemonarbre.com-gites-rhone0033&#8243; _builder_version=&#8221;4.21.0&#8243; _module_preset=&#8221;default&#8221; global_colors_info=&#8221;{}&#8221;][\/et_pb_image][\/et_pb_column][et_pb_column type=&#8221;1_4&#8243; _builder_version=&#8221;4.21.0&#8243; background_image=&#8221;https:\/\/presdemonarbre.com\/wp-content\/uploads\/2023\/06\/presdemonarbre.com-gites-rhone0019.png&#8221; custom_padding=&#8221;|||&#8221; global_colors_info=&#8221;{}&#8221; custom_padding__hover=&#8221;|||&#8221;][et_pb_image src=&#8221;https:\/\/presdemonarbre.com\/wp-content\/uploads\/2023\/07\/presdemonarbre.com-gites-rhone0057.png&#8221; title_text=&#8221;presdemonarbre.com-gites-rhone0057&#8243; _builder_version=&#8221;4.21.0&#8243; _module_preset=&#8221;default&#8221; global_colors_info=&#8221;{}&#8221;][\/et_pb_image][\/et_pb_column][\/et_pb_row][\/et_pb_section][et_pb_section fb_built=&#8221;1&#8243; specialty=&#8221;on&#8221; admin_label=&#8221;Room&#8221; _builder_version=&#8221;4.16&#8243; custom_padding=&#8221;||0px|||&#8221; global_colors_info=&#8221;{}&#8221;][et_pb_column type=&#8221;1_2&#8243; specialty_columns=&#8221;2&#8243; _builder_version=&#8221;4.16&#8243; custom_padding=&#8221;|||&#8221; global_colors_info=&#8221;{}&#8221; custom_padding__hover=&#8221;|||&#8221;][et_pb_row_inner _builder_version=&#8221;4.21.0&#8243; background_enable_image=&#8221;off&#8221; background_size=&#8221;contain&#8221; custom_padding=&#8221;||0px|||&#8221; global_colors_info=&#8221;{}&#8221;][et_pb_column_inner saved_specialty_column_type=&#8221;1_2&#8243; _builder_version=&#8221;4.16&#8243; custom_padding=&#8221;|||&#8221; global_colors_info=&#8221;{}&#8221; custom_padding__hover=&#8221;|||&#8221;][et_pb_image src=&#8221;https:\/\/presdemonarbre.com\/wp-content\/uploads\/2023\/06\/presdemonarbre.com-gites-rhone0019.png&#8221; title_text=&#8221;presdemonarbre.com-gites-rhone0019&#8243; align_tablet=&#8221;center&#8221; align_phone=&#8221;center&#8221; align_last_edited=&#8221;on|desktop&#8221; _builder_version=&#8221;4.21.0&#8243; transform_translate=&#8221;0px|-54px&#8221; min_height=&#8221;240px&#8221; custom_margin=&#8221;||6px|||&#8221; border_radii=&#8221;on|18px|18px|18px|18px&#8221; locked=&#8221;off&#8221; global_colors_info=&#8221;{}&#8221;][\/et_pb_image][et_pb_text _builder_version=&#8221;4.21.0&#8243; _module_preset=&#8221;default&#8221; text_font=&#8221;Aclonica||||||||&#8221; text_font_size=&#8221;16px&#8221; min_height=&#8221;20.8px&#8221; global_colors_info=&#8221;{}&#8221;]<\/p>\n<p>Cuisine \u00e9quip\u00e9e\u00a0 \u00a0 \u00a0 \u00a0 \u00a0 \u00a0 \u00a0 \u00a0 \u00a0 \u00a0 \u00a0 \u00a0 \u00a0 \u00a0 \u00a0 Terrasse<\/p>\n<p>[\/et_pb_text][\/et_pb_column_inner][\/et_pb_row_inner][et_pb_row_inner column_structure=&#8221;1_2,1_2&#8243; _builder_version=&#8221;4.21.0&#8243; _module_preset=&#8221;default&#8221; custom_margin=&#8221;-7px|||||&#8221; animation_style=&#8221;fade&#8221; global_colors_info=&#8221;{}&#8221;][et_pb_column_inner type=&#8221;1_2&#8243; saved_specialty_column_type=&#8221;1_2&#8243; _builder_version=&#8221;4.21.0&#8243; _module_preset=&#8221;default&#8221; global_colors_info=&#8221;{}&#8221;][et_pb_image src=&#8221;https:\/\/presdemonarbre.com\/wp-content\/uploads\/2023\/07\/presdemonarbre.com-gites-rhone0035.png&#8221; title_text=&#8221;presdemonarbre.com-gites-rhone0035&#8243; _builder_version=&#8221;4.21.0&#8243; _module_preset=&#8221;default&#8221; transform_scale=&#8221;110%|110%&#8221; border_radii=&#8221;on|18px|18px|18px|18px&#8221; global_colors_info=&#8221;{}&#8221;][\/et_pb_image][\/et_pb_column_inner][et_pb_column_inner type=&#8221;1_2&#8243; saved_specialty_column_type=&#8221;1_2&#8243; _builder_version=&#8221;4.21.0&#8243; _module_preset=&#8221;default&#8221; global_colors_info=&#8221;{}&#8221;][et_pb_image src=&#8221;https:\/\/presdemonarbre.com\/wp-content\/uploads\/2023\/07\/presdemonarbre.com-gites-rhone0061.png&#8221; title_text=&#8221;presdemonarbre.com-gites-rhone0061&#8243; _builder_version=&#8221;4.21.0&#8243; _module_preset=&#8221;default&#8221; transform_scale=&#8221;110%|110%&#8221; border_radii=&#8221;on|18px|18px|18px|18px&#8221; global_colors_info=&#8221;{}&#8221;][\/et_pb_image][\/et_pb_column_inner][\/et_pb_row_inner][\/et_pb_column][et_pb_column type=&#8221;1_2&#8243; _builder_version=&#8221;4.16&#8243; custom_padding=&#8221;|||&#8221; global_colors_info=&#8221;{}&#8221; custom_padding__hover=&#8221;|||&#8221;][et_pb_text _builder_version=&#8221;4.21.0&#8243; _module_preset=&#8221;default&#8221; text_font=&#8221;Aclonica||||||||&#8221; text_font_size=&#8221;18px&#8221; header_4_font=&#8221;Aclonica||||||||&#8221; header_4_font_size=&#8221;22px&#8221; global_colors_info=&#8221;{}&#8221;]<\/p>\n<h4 style=\"text-align: center;\">Tarifs Nuit\u00e9e<\/h4>\n<p style=\"text-align: center;\">1\/2 personnes\u00a0 80\u20ac<\/p>\n<p style=\"text-align: center;\">3\/4 personnes 100\u20ac<\/p>\n<p style=\"text-align: center;\">Personne suppl\u00e9mentaire 30\u20ac<\/p>\n<p>[\/et_pb_text][et_pb_image src=&#8221;https:\/\/presdemonarbre.com\/wp-content\/uploads\/2024\/07\/P1220606-1-scaled.jpg&#8221; title_text=&#8221;P1220606&#8243; _builder_version=&#8221;4.21.0&#8243; _module_preset=&#8221;default&#8221; transform_scale=&#8221;81%|81%&#8221; transform_translate=&#8221;-7px|18px&#8221; custom_margin=&#8221;||12px|||&#8221; border_radii=&#8221;on|18px|18px|18px|18px&#8221; global_colors_info=&#8221;{}&#8221;][\/et_pb_image][et_pb_text _builder_version=&#8221;4.21.0&#8243; _module_preset=&#8221;default&#8221; text_font=&#8221;Aclonica||||||||&#8221; text_font_size=&#8221;25px&#8221; transform_translate=&#8221;13px|62px&#8221; custom_margin=&#8221;125px|||||&#8221; global_colors_info=&#8221;{}&#8221;]<\/p>\n<p>La Grange en images<\/p>\n<p>[\/et_pb_text][\/et_pb_column][\/et_pb_section][et_pb_section fb_built=&#8221;1&#8243; _builder_version=&#8221;4.21.0&#8243; _module_preset=&#8221;default&#8221; custom_padding=&#8221;58px|||||&#8221; global_colors_info=&#8221;{}&#8221;][et_pb_row column_structure=&#8221;1_4,1_4,1_4,1_4&#8243; _builder_version=&#8221;4.21.0&#8243; background_enable_image=&#8221;off&#8221; min_height=&#8221;544px&#8221; custom_margin=&#8221;|auto|-296px|auto||&#8221; custom_padding=&#8221;||225px|2px||&#8221; global_colors_info=&#8221;{}&#8221;][et_pb_column type=&#8221;1_4&#8243; _builder_version=&#8221;4.21.0&#8243; background_image=&#8221;https:\/\/presdemonarbre.com\/wp-content\/uploads\/2023\/06\/presdemonarbre.com-gites-rhone0019.png&#8221; custom_padding=&#8221;|||&#8221; global_colors_info=&#8221;{}&#8221; custom_padding__hover=&#8221;|||&#8221;][et_pb_image src=&#8221;https:\/\/presdemonarbre.com\/wp-content\/uploads\/2023\/07\/presdemonarbre.com-gites-rhone0050.png&#8221; title_text=&#8221;presdemonarbre.com-gites-rhone0050&#8243; _builder_version=&#8221;4.21.0&#8243; _module_preset=&#8221;default&#8221; global_colors_info=&#8221;{}&#8221;][\/et_pb_image][\/et_pb_column][et_pb_column type=&#8221;1_4&#8243; _builder_version=&#8221;4.21.0&#8243; background_image=&#8221;https:\/\/presdemonarbre.com\/wp-content\/uploads\/2023\/06\/presdemonarbre.com-gites-rhone0019.png&#8221; custom_padding=&#8221;|||&#8221; global_colors_info=&#8221;{}&#8221; custom_padding__hover=&#8221;|||&#8221;][et_pb_image src=&#8221;https:\/\/presdemonarbre.com\/wp-content\/uploads\/2023\/07\/presdemonarbre.com-gites-rhone0038.png&#8221; title_text=&#8221;presdemonarbre.com-gites-rhone0038&#8243; _builder_version=&#8221;4.21.0&#8243; _module_preset=&#8221;default&#8221; global_colors_info=&#8221;{}&#8221;][\/et_pb_image][\/et_pb_column][et_pb_column type=&#8221;1_4&#8243; _builder_version=&#8221;4.21.0&#8243; background_image=&#8221;https:\/\/presdemonarbre.com\/wp-content\/uploads\/2023\/06\/presdemonarbre.com-gites-rhone0019.png&#8221; custom_padding=&#8221;|||&#8221; global_colors_info=&#8221;{}&#8221; custom_padding__hover=&#8221;|||&#8221;][et_pb_image src=&#8221;https:\/\/presdemonarbre.com\/wp-content\/uploads\/2023\/07\/presdemonarbre.com-gites-rhone0039.png&#8221; title_text=&#8221;presdemonarbre.com-gites-rhone0039&#8243; _builder_version=&#8221;4.21.0&#8243; _module_preset=&#8221;default&#8221; global_colors_info=&#8221;{}&#8221;][\/et_pb_image][\/et_pb_column][et_pb_column type=&#8221;1_4&#8243; _builder_version=&#8221;4.21.0&#8243; background_image=&#8221;https:\/\/presdemonarbre.com\/wp-content\/uploads\/2023\/06\/presdemonarbre.com-gites-rhone0019.png&#8221; custom_padding=&#8221;|||&#8221; global_colors_info=&#8221;{}&#8221; custom_padding__hover=&#8221;|||&#8221;][et_pb_image src=&#8221;https:\/\/presdemonarbre.com\/wp-content\/uploads\/2023\/07\/presdemonarbre.com-gites-rhone0046.png&#8221; title_text=&#8221;presdemonarbre.com-gites-rhone0046&#8243; _builder_version=&#8221;4.21.0&#8243; _module_preset=&#8221;default&#8221; global_colors_info=&#8221;{}&#8221;][\/et_pb_image][\/et_pb_column][\/et_pb_row][\/et_pb_section][et_pb_section fb_built=&#8221;1&#8243; specialty=&#8221;on&#8221; admin_label=&#8221;Room&#8221; _builder_version=&#8221;4.16&#8243; custom_margin=&#8221;95px|||||&#8221; custom_padding=&#8221;0px|||||&#8221; global_colors_info=&#8221;{}&#8221;][et_pb_column type=&#8221;1_2&#8243; _builder_version=&#8221;4.16&#8243; custom_padding=&#8221;|||&#8221; global_colors_info=&#8221;{}&#8221; custom_padding__hover=&#8221;|||&#8221;][et_pb_text _builder_version=&#8221;4.21.0&#8243; _module_preset=&#8221;default&#8221; text_font=&#8221;Aclonica||||||||&#8221; text_font_size=&#8221;18px&#8221; header_4_font=&#8221;Aclonica||||||||&#8221; header_4_font_size=&#8221;22px&#8221; global_colors_info=&#8221;{}&#8221;]<\/p>\n<h4 style=\"text-align: center;\">\u00a0Tarifs Nuit\u00e9e<\/h4>\n<p>&nbsp;<\/p>\n<p style=\"text-align: center;\">1\/2 personnes\u00a0 80\u20ac<\/p>\n<p style=\"text-align: center;\">3\/4 personnes 100\u20ac<\/p>\n<p style=\"text-align: center;\">Personne suppl\u00e9mentaire 25\u20ac<\/p>\n<p>[\/et_pb_text][et_pb_image src=&#8221;https:\/\/presdemonarbre.com\/wp-content\/uploads\/2023\/07\/presdemonarbre.com-gites-rhone0047.png&#8221; title_text=&#8221;presdemonarbre.com-gites-rhone0047&#8243; _builder_version=&#8221;4.21.0&#8243; _module_preset=&#8221;default&#8221; border_radii=&#8221;on|18px|18px|18px|18px&#8221; global_colors_info=&#8221;{}&#8221;][\/et_pb_image][\/et_pb_column][et_pb_column type=&#8221;1_2&#8243; specialty_columns=&#8221;2&#8243; _builder_version=&#8221;4.16&#8243; custom_padding=&#8221;|||&#8221; global_colors_info=&#8221;{}&#8221; custom_padding__hover=&#8221;|||&#8221;][et_pb_row_inner _builder_version=&#8221;4.16&#8243; global_colors_info=&#8221;{}&#8221;][et_pb_column_inner saved_specialty_column_type=&#8221;1_2&#8243; _builder_version=&#8221;4.16&#8243; custom_padding=&#8221;|||&#8221; global_colors_info=&#8221;{}&#8221; custom_padding__hover=&#8221;|||&#8221;][et_pb_image src=&#8221;https:\/\/presdemonarbre.com\/wp-content\/uploads\/2024\/07\/P1220611-scaled.jpg&#8221; title_text=&#8221;presdemonarbre.com-gites-rhone0044&#8243; _builder_version=&#8221;4.21.0&#8243; _module_preset=&#8221;default&#8221; hover_enabled=&#8221;0&#8243; border_radii=&#8221;on|18px|18px|18px|18px&#8221; global_colors_info=&#8221;{}&#8221; sticky_enabled=&#8221;0&#8243;][\/et_pb_image][\/et_pb_column_inner][\/et_pb_row_inner][et_pb_row_inner column_structure=&#8221;1_2,1_2&#8243; use_custom_gutter=&#8221;on&#8221; gutter_width=&#8221;2&#8243; _builder_version=&#8221;4.21.0&#8243; custom_padding=&#8221;0|0px|29.6875px|0px|false|false&#8221; animation_style=&#8221;fade&#8221; global_colors_info=&#8221;{}&#8221;][et_pb_column_inner type=&#8221;1_2&#8243; saved_specialty_column_type=&#8221;1_2&#8243; _builder_version=&#8221;4.16&#8243; custom_padding=&#8221;|||&#8221; global_colors_info=&#8221;{}&#8221; custom_padding__hover=&#8221;|||&#8221;][et_pb_image src=&#8221;https:\/\/presdemonarbre.com\/wp-content\/uploads\/2023\/07\/presdemonarbre.com-gites-rhone0064-1.png&#8221; title_text=&#8221;presdemonarbre.com-gites-rhone0064&#8243; _builder_version=&#8221;4.21.0&#8243; _module_preset=&#8221;default&#8221; border_radii=&#8221;on|18px|18px|18px|18px&#8221; global_colors_info=&#8221;{}&#8221;][\/et_pb_image][\/et_pb_column_inner][et_pb_column_inner type=&#8221;1_2&#8243; saved_specialty_column_type=&#8221;1_2&#8243; _builder_version=&#8221;4.16&#8243; custom_padding=&#8221;|||&#8221; global_colors_info=&#8221;{}&#8221; custom_padding__hover=&#8221;|||&#8221;][et_pb_image src=&#8221;https:\/\/presdemonarbre.com\/wp-content\/uploads\/2023\/07\/presdemonarbre.com-gites-rhone0049.png&#8221; title_text=&#8221;presdemonarbre.com-gites-rhone0049&#8243; show_in_lightbox=&#8221;on&#8221; use_overlay=&#8221;on&#8221; overlay_icon_color=&#8221;#b2b9c4&#8243; align_tablet=&#8221;center&#8221; align_phone=&#8221;center&#8221; align_last_edited=&#8221;on|desktop&#8221; _builder_version=&#8221;4.21.0&#8243; border_radii=&#8221;on|18px|18px|18px|18px&#8221; locked=&#8221;off&#8221; global_colors_info=&#8221;{}&#8221;][\/et_pb_image][\/et_pb_column_inner][\/et_pb_row_inner][\/et_pb_column][\/et_pb_section]<\/p>\n","protected":false},"excerpt":{"rendered":"<p>Les G\u00eetesLes G\u00eetesLe ChapitUne cuisine \u00e9quip\u00e9e, une chambre avec un lit double, une chambre avec deux lits simples, une salle d&#8217;eau avec toilettes. Terrasse.La GrangeUne cuisine \u00e9quip\u00e9e, un grand salon-s\u00e9jour (canap\u00e9 convertible), une mezzanine avec quatre lits simples, une salle d&#8217;eau, des toilettes s\u00e9par\u00e9es.Les \u00e9quipementsDans chacun des g\u00eetes, vous trouverez : r\u00e9frig\u00e9rateur,\u00a0 \u00a0 cong\u00e9lateur, lave-vaisselle,\u00a0 [&hellip;]<\/p>\n","protected":false},"author":1,"featured_media":0,"parent":0,"menu_order":0,"comment_status":"closed","ping_status":"closed","template":"","meta":{"_et_pb_use_builder":"on","_et_pb_old_content":"","_et_gb_content_width":"","footnotes":""},"class_list":["post-76","page","type-page","status-publish","hentry"],"_links":{"self":[{"href":"https:\/\/presdemonarbre.com\/index.php\/wp-json\/wp\/v2\/pages\/76","targetHints":{"allow":["GET"]}}],"collection":[{"href":"https:\/\/presdemonarbre.com\/index.php\/wp-json\/wp\/v2\/pages"}],"about":[{"href":"https:\/\/presdemonarbre.com\/index.php\/wp-json\/wp\/v2\/types\/page"}],"author":[{"embeddable":true,"href":"https:\/\/presdemonarbre.com\/index.php\/wp-json\/wp\/v2\/users\/1"}],"replies":[{"embeddable":true,"href":"https:\/\/presdemonarbre.com\/index.php\/wp-json\/wp\/v2\/comments?post=76"}],"version-history":[{"count":48,"href":"https:\/\/presdemonarbre.com\/index.php\/wp-json\/wp\/v2\/pages\/76\/revisions"}],"predecessor-version":[{"id":615,"href":"https:\/\/presdemonarbre.com\/index.php\/wp-json\/wp\/v2\/pages\/76\/revisions\/615"}],"wp:attachment":[{"href":"https:\/\/presdemonarbre.com\/index.php\/wp-json\/wp\/v2\/media?parent=76"}],"curies":[{"name":"wp","href":"https:\/\/api.w.org\/{rel}","templated":true}]}}